{"id":516,"date":"2019-11-28T10:00:06","date_gmt":"2019-11-28T10:00:06","guid":{"rendered":"http:\/\/spanishjournaloflegislativestudies.com\/?page_id=516"},"modified":"2022-12-01T12:11:02","modified_gmt":"2022-12-01T12:11:02","slug":"espanol-derechos-de-autor","status":"publish","type":"page","link":"http:\/\/spanishjournaloflegislativestudies.com\/es\/espanol-derechos-de-autor\/","title":{"rendered":"DERECHOS DE AUTOR"},"content":{"rendered":"<p>[et_pb_section fb_built=\u00bb1&#8243; admin_label=\u00bbsection\u00bb _builder_version=\u00bb4.16&#8243; global_colors_info=\u00bb{}\u00bb][et_pb_row admin_label=\u00bbrow\u00bb _builder_version=\u00bb4.16&#8243; background_size=\u00bbinitial\u00bb background_position=\u00bbtop_left\u00bb background_repeat=\u00bbrepeat\u00bb global_colors_info=\u00bb{}\u00bb][et_pb_column type=\u00bb4_4&#8243; _builder_version=\u00bb4.16&#8243; custom_padding=\u00bb|||\u00bb global_colors_info=\u00bb{}\u00bb custom_padding__hover=\u00bb|||\u00bb][et_pb_text admin_label=\u00bbText\u00bb _builder_version=\u00bb4.16&#8243; text_font_size=\u00bb23&#8243; background_size=\u00bbinitial\u00bb background_position=\u00bbtop_left\u00bb background_repeat=\u00bbrepeat\u00bb use_border_color=\u00bboff\u00bb border_color=\u00bb#ffffff\u00bb border_style=\u00bbsolid\u00bb global_colors_info=\u00bb{}\u00bb]<\/p>\n<p style=\"text-align: center\"><strong>DERECHOS DE AUTOR<\/strong><\/p>\n<p>[\/et_pb_text][et_pb_text admin_label=\u00bbText\u00bb _builder_version=\u00bb4.16&#8243; background_size=\u00bbinitial\u00bb background_position=\u00bbtop_left\u00bb background_repeat=\u00bbrepeat\u00bb use_border_color=\u00bboff\u00bb border_color=\u00bb#ffffff\u00bb border_style=\u00bbsolid\u00bb saved_tabs=\u00bball\u00bb global_colors_info=\u00bb{}\u00bb]<\/p>\n<p style=\"margin: 0cm;margin-bottom: .0001pt;text-align: justify;line-height: 17.85pt;background: white;vertical-align: baseline\">El autor que env\u00eda su art\u00edculo a <em>Spanish Journal of Legislative Studies <\/em>acepta los siguientes t\u00e9rminos:<em>\u00a0<\/em><\/p>\n<ul>\n<li style=\"margin: 0cm;margin-bottom: .0001pt;text-align: justify;line-height: 17.85pt;background: white;vertical-align: baseline\">Se compromete a autorizar su publicaci\u00f3n en ella bajo Licencia Creative Commons.<\/li>\n<li style=\"margin: 0cm;margin-bottom: .0001pt;text-align: justify;line-height: 17.85pt;background: white;vertical-align: baseline\">Los autores ceden los derechos materiales, de explotaci\u00f3n, distribuci\u00f3n, comunicaci\u00f3n p\u00fablica, transformaci\u00f3n y difusi\u00f3n del trabajo aceptado para que <em>Spanish Journal of Legislative Studies <\/em>publique<em>\u00a0<\/em>el mismo por los canales y medios impresos o digitales que considere m\u00e1s adecuados para su difusi\u00f3n.<\/li>\n<\/ul>\n<p>[\/et_pb_text][\/et_pb_column][\/et_pb_row][\/et_pb_section]<\/p>\n","protected":false},"excerpt":{"rendered":"<p>DERECHOS DE AUTOR El autor que env\u00eda su art\u00edculo a Spanish Journal of Legislative Studies acepta los siguientes t\u00e9rminos:\u00a0 Se compromete a autorizar su publicaci\u00f3n en ella bajo Licencia Creative Commons. Los autores ceden los derechos materiales, de explotaci\u00f3n, distribuci\u00f3n, comunicaci\u00f3n p\u00fablica, transformaci\u00f3n y difusi\u00f3n del trabajo aceptado para que Spanish Journal of Legislative Studies [&hellip;]<\/p>\n","protected":false},"author":3004,"featured_media":0,"parent":0,"menu_order":0,"comment_status":"open","ping_status":"open","template":"","meta":{"_et_pb_use_builder":"on","_et_pb_old_content":"<p>Authors who publish with this journal agree to the following terms:<\/p><ol><li>Authors retain copyright and grant the journal right of publication with the work simultaneously licensed under a\u00a0Creative Commons Attribution License.<\/li><li>Authors assign their copyright to\u00a0Spanis Journal of Legislative Studies. This journal is allow to publish the works wherever\u00a0it deems apropiate\u00a0\u00a0for it diffusion.<\/li><\/ol><div class=\"separator\">\u00a0<\/div>","_et_gb_content_width":"","_links_to":"","_links_to_target":""},"_links":{"self":[{"href":"http:\/\/spanishjournaloflegislativestudies.com\/es\/wp-json\/wp\/v2\/pages\/516"}],"collection":[{"href":"http:\/\/spanishjournaloflegislativestudies.com\/es\/wp-json\/wp\/v2\/pages"}],"about":[{"href":"http:\/\/spanishjournaloflegislativestudies.com\/es\/wp-json\/wp\/v2\/types\/page"}],"author":[{"embeddable":true,"href":"http:\/\/spanishjournaloflegislativestudies.com\/es\/wp-json\/wp\/v2\/users\/3004"}],"replies":[{"embeddable":true,"href":"http:\/\/spanishjournaloflegislativestudies.com\/es\/wp-json\/wp\/v2\/comments?post=516"}],"version-history":[{"count":0,"href":"http:\/\/spanishjournaloflegislativestudies.com\/es\/wp-json\/wp\/v2\/pages\/516\/revisions"}],"wp:attachment":[{"href":"http:\/\/spanishjournaloflegislativestudies.com\/es\/wp-json\/wp\/v2\/media?parent=516"}],"curies":[{"name":"wp","href":"https:\/\/api.w.org\/{rel}","templated":true}]}}